{"id":3127,"date":"2020-07-01T16:29:29","date_gmt":"2020-07-01T13:29:29","guid":{"rendered":"https:\/\/valgeanso.ee\/?page_id=3127"},"modified":"2026-03-13T12:32:10","modified_gmt":"2026-03-13T10:32:10","slug":"meist","status":"publish","type":"page","link":"https:\/\/valgeanso.ee\/en\/meist\/","title":{"rendered":"Meist"},"content":{"rendered":"<div class=\"wpb-content-wrapper\"><p>[vc_row][vc_column][vc_column_text text_larger=&#8221;no&#8221;]Valgeanso Talu on perefirma, mis tegeleb p\u00fcsililleistikute kasvatamisega aastast 1997. Meie eesm\u00e4rgiks on pakkuda Eesti kliimasse sobilikke p\u00fcsililli. Oma praeguse valikuga soovime pakkuda midagi sobivat igale aiale: esindatud on alpiaia-ja varjuaiataimed, k\u00f5rgemad peenrap\u00fcsikud, dekoratiivk\u00f5rrelised ja muud huvitavat. Edaspidi loodame valikut veelgi mitmekesistada. K\u00f5ik meie pakutavad istikud on konteinerites, mis annab v\u00f5imaluse istutada neid kogu suve jooksul.<\/p>\n<p>Ise oleme oma lilledega T\u00fcri Lillelaadal, Kuressaare Aia- ja Lillep\u00e4evadel, Tartu Botaanikaaia Lillep\u00e4eval ja V\u00f5hma Juurikal.<\/p>\n<p>Ootame ostjaid ka kohapeale, kus pakume taimedele lisaks ka erialaseid n\u00f5uandeid.<br \/>\nKohapealne m\u00fc\u00fcgiplats on avatud T-R kell 10- 18, L 10-14!<\/p>\n<p>Toredaid leide![\/vc_column_text][\/vc_column][\/vc_row]<\/p>\n<\/div>","protected":false},"excerpt":{"rendered":"<p>[vc_row][vc_column][vc_column_text text_larger=&#8221;no&#8221;]Valgeanso Talu on perefirma, mis tegeleb p\u00fcsililleistikute kasvatamisega aastast 1997. Meie eesm\u00e4rgiks on pakkuda Eesti kliimasse sobilikke p\u00fcsililli. Oma<\/p>\n","protected":false},"author":1,"featured_media":0,"parent":0,"menu_order":0,"comment_status":"closed","ping_status":"closed","template":"","meta":{"footnotes":""},"class_list":["post-3127","page","type-page","status-publish","hentry"],"_links":{"self":[{"href":"https:\/\/valgeanso.ee\/en\/wp-json\/wp\/v2\/pages\/3127","targetHints":{"allow":["GET"]}}],"collection":[{"href":"https:\/\/valgeanso.ee\/en\/wp-json\/wp\/v2\/pages"}],"about":[{"href":"https:\/\/valgeanso.ee\/en\/wp-json\/wp\/v2\/types\/page"}],"author":[{"embeddable":true,"href":"https:\/\/valgeanso.ee\/en\/wp-json\/wp\/v2\/users\/1"}],"replies":[{"embeddable":true,"href":"https:\/\/valgeanso.ee\/en\/wp-json\/wp\/v2\/comments?post=3127"}],"version-history":[{"count":6,"href":"https:\/\/valgeanso.ee\/en\/wp-json\/wp\/v2\/pages\/3127\/revisions"}],"predecessor-version":[{"id":4983,"href":"https:\/\/valgeanso.ee\/en\/wp-json\/wp\/v2\/pages\/3127\/revisions\/4983"}],"wp:attachment":[{"href":"https:\/\/valgeanso.ee\/en\/wp-json\/wp\/v2\/media?parent=3127"}],"curies":[{"name":"wp","href":"https:\/\/api.w.org\/{rel}","templated":true}]}}