{"id":3130,"date":"2020-07-01T16:55:40","date_gmt":"2020-07-01T13:55:40","guid":{"rendered":"https:\/\/valgeanso.ee\/?post_type=product&#038;p=3130"},"modified":"2026-02-05T13:52:08","modified_gmt":"2026-02-05T11:52:08","slug":"tahkjas-liatris-kobold-liatris-spicata","status":"publish","type":"product","link":"https:\/\/valgeanso.ee\/en\/toode\/tahkjas-liatris-kobold-liatris-spicata\/","title":{"rendered":"T\u00e4hkjas liatris \u2019Kobold\u2019  Liatris spicata"},"content":{"rendered":"<p>Kitsad ja pikad lehed moodustavad k\u00f5rrelise sarnase puhma. Juulist-septembrini kerkivad lehtede kohale kuni 70 cm pikkused \u00f5ievarred, mis kannavad v\u00e4ikeseid lillakasroosasid korv\u00f5isi. Liitrisele omaselt hakkavad \u00f5ied avanema \u00f5isiku tipust. \u00d5ied meelitavad ligi mesilasi ja liblikaid ning neid saab kasutada l\u00f5ikelillena.<\/p>\n<p>Eelistab p\u00e4ikesepaistelist kasvukohta. Muld peaks olema viljakas ja vett l\u00e4bilaskev. Ei talu liigniiskust, eriti kevadel lumesulamise ajal, kuna taime juured l\u00e4hevad kergelt m\u00e4danema. Kui peenras on muld pigem niiskema poolsem, tasub liatris istutada kergele kallakule.<\/p>\n<p>Sobib h\u00e4sti aktsenttaimeks, massistutusse, peenra serva, konteineristutusse ja segap\u00fcsikupeenrasse. Soovituslik istutada grupina, \u00fcksik taim ei tule h\u00e4sti esile.<\/p>","protected":false},"excerpt":{"rendered":"<p>K\u00f5rgus 70 cm, laius 40 cm, p\u00e4ikseline kasvukoht, \u00f5itseb juuli-september.<\/p>\n","protected":false},"featured_media":3131,"template":"","meta":[],"product_brand":[],"product_cat":[110],"product_tag":[],"class_list":{"0":"post-3130","1":"product","2":"type-product","3":"status-publish","4":"has-post-thumbnail","6":"product_cat-liatrised","8":"first","9":"instock","10":"taxable","11":"shipping-taxable","12":"purchasable","13":"product-type-simple"},"_links":{"self":[{"href":"https:\/\/valgeanso.ee\/en\/wp-json\/wp\/v2\/product\/3130","targetHints":{"allow":["GET"]}}],"collection":[{"href":"https:\/\/valgeanso.ee\/en\/wp-json\/wp\/v2\/product"}],"about":[{"href":"https:\/\/valgeanso.ee\/en\/wp-json\/wp\/v2\/types\/product"}],"wp:featuredmedia":[{"embeddable":true,"href":"https:\/\/valgeanso.ee\/en\/wp-json\/wp\/v2\/media\/3131"}],"wp:attachment":[{"href":"https:\/\/valgeanso.ee\/en\/wp-json\/wp\/v2\/media?parent=3130"}],"wp:term":[{"taxonomy":"product_brand","embeddable":true,"href":"https:\/\/valgeanso.ee\/en\/wp-json\/wp\/v2\/product_brand?post=3130"},{"taxonomy":"product_cat","embeddable":true,"href":"https:\/\/valgeanso.ee\/en\/wp-json\/wp\/v2\/product_cat?post=3130"},{"taxonomy":"product_tag","embeddable":true,"href":"https:\/\/valgeanso.ee\/en\/wp-json\/wp\/v2\/product_tag?post=3130"}],"curies":[{"name":"wp","href":"https:\/\/api.w.org\/{rel}","templated":true}]}}