{"id":3291,"date":"2020-07-05T17:42:32","date_gmt":"2020-07-05T14:42:32","guid":{"rendered":"https:\/\/valgeanso.ee\/?post_type=product&#038;p=3291"},"modified":"2026-02-05T13:38:23","modified_gmt":"2026-02-05T11:38:23","slug":"siberi-vohumook-caesars-brother-iris-sibirica","status":"publish","type":"product","link":"https:\/\/valgeanso.ee\/en\/toode\/siberi-vohumook-caesars-brother-iris-sibirica\/","title":{"rendered":"(Eesti) Siberi v\u00f5hum\u00f5\u00f5k \u2019Caesar\u2019s Brother\u2019 Iris sibirica"},"content":{"rendered":"<p class=\"qtranxs-available-languages-message qtranxs-available-languages-message-en\">Sorry, this entry is only available in <a href=\"https:\/\/valgeanso.ee\/et\/wp-json\/wp\/v2\/product\/3291\" class=\"qtranxs-available-language-link qtranxs-available-language-link-et\" title=\"Eesti\">Eesti<\/a>.<\/p>","protected":false},"excerpt":{"rendered":"<p class=\"qtranxs-available-languages-message qtranxs-available-languages-message-en\">Sorry, this entry is only available in <a href=\"https:\/\/valgeanso.ee\/et\/wp-json\/wp\/v2\/product\/3291\" class=\"qtranxs-available-language-link qtranxs-available-language-link-et\" title=\"Eesti\">Eesti<\/a>.<\/p>\n","protected":false},"featured_media":3292,"template":"","meta":[],"product_brand":[],"product_cat":[92],"product_tag":[],"class_list":{"0":"post-3291","1":"product","2":"type-product","3":"status-publish","4":"has-post-thumbnail","6":"product_cat-vohumoogad","8":"first","9":"instock","10":"taxable","11":"shipping-taxable","12":"purchasable","13":"product-type-simple"},"_links":{"self":[{"href":"https:\/\/valgeanso.ee\/en\/wp-json\/wp\/v2\/product\/3291","targetHints":{"allow":["GET"]}}],"collection":[{"href":"https:\/\/valgeanso.ee\/en\/wp-json\/wp\/v2\/product"}],"about":[{"href":"https:\/\/valgeanso.ee\/en\/wp-json\/wp\/v2\/types\/product"}],"wp:featuredmedia":[{"embeddable":true,"href":"https:\/\/valgeanso.ee\/en\/wp-json\/wp\/v2\/media\/3292"}],"wp:attachment":[{"href":"https:\/\/valgeanso.ee\/en\/wp-json\/wp\/v2\/media?parent=3291"}],"wp:term":[{"taxonomy":"product_brand","embeddable":true,"href":"https:\/\/valgeanso.ee\/en\/wp-json\/wp\/v2\/product_brand?post=3291"},{"taxonomy":"product_cat","embeddable":true,"href":"https:\/\/valgeanso.ee\/en\/wp-json\/wp\/v2\/product_cat?post=3291"},{"taxonomy":"product_tag","embeddable":true,"href":"https:\/\/valgeanso.ee\/en\/wp-json\/wp\/v2\/product_tag?post=3291"}],"curies":[{"name":"wp","href":"https:\/\/api.w.org\/{rel}","templated":true}]}}