{"id":3407,"date":"2020-07-10T17:18:48","date_gmt":"2020-07-10T14:18:48","guid":{"rendered":"https:\/\/valgeanso.ee\/?post_type=product&#038;p=3407"},"modified":"2026-02-05T13:06:19","modified_gmt":"2026-02-05T11:06:19","slug":"vaikeseoieline-helmikpooris-palace-purple-heuchera-micrantha","status":"publish","type":"product","link":"https:\/\/valgeanso.ee\/en\/toode\/vaikeseoieline-helmikpooris-palace-purple-heuchera-micrantha\/","title":{"rendered":"(Eesti) V\u00e4ikese\u00f5ieline helmikp\u00f6\u00f6ris \u2019Palace Purple\u2019 Heuchera micrantha"},"content":{"rendered":"<p class=\"qtranxs-available-languages-message qtranxs-available-languages-message-en\">Sorry, this entry is only available in <a href=\"https:\/\/valgeanso.ee\/et\/wp-json\/wp\/v2\/product\/3407\" class=\"qtranxs-available-language-link qtranxs-available-language-link-et\" title=\"Eesti\">Eesti<\/a>.<\/p>","protected":false},"excerpt":{"rendered":"<p class=\"qtranxs-available-languages-message qtranxs-available-languages-message-en\">Sorry, this entry is only available in <a href=\"https:\/\/valgeanso.ee\/et\/wp-json\/wp\/v2\/product\/3407\" class=\"qtranxs-available-language-link qtranxs-available-language-link-et\" title=\"Eesti\">Eesti<\/a>.<\/p>\n","protected":false},"featured_media":3408,"template":"","meta":[],"product_brand":[],"product_cat":[133],"product_tag":[],"class_list":{"0":"post-3407","1":"product","2":"type-product","3":"status-publish","4":"has-post-thumbnail","6":"product_cat-helmikpoorised","8":"first","9":"instock","10":"taxable","11":"shipping-taxable","12":"purchasable","13":"product-type-simple"},"_links":{"self":[{"href":"https:\/\/valgeanso.ee\/en\/wp-json\/wp\/v2\/product\/3407","targetHints":{"allow":["GET"]}}],"collection":[{"href":"https:\/\/valgeanso.ee\/en\/wp-json\/wp\/v2\/product"}],"about":[{"href":"https:\/\/valgeanso.ee\/en\/wp-json\/wp\/v2\/types\/product"}],"wp:featuredmedia":[{"embeddable":true,"href":"https:\/\/valgeanso.ee\/en\/wp-json\/wp\/v2\/media\/3408"}],"wp:attachment":[{"href":"https:\/\/valgeanso.ee\/en\/wp-json\/wp\/v2\/media?parent=3407"}],"wp:term":[{"taxonomy":"product_brand","embeddable":true,"href":"https:\/\/valgeanso.ee\/en\/wp-json\/wp\/v2\/product_brand?post=3407"},{"taxonomy":"product_cat","embeddable":true,"href":"https:\/\/valgeanso.ee\/en\/wp-json\/wp\/v2\/product_cat?post=3407"},{"taxonomy":"product_tag","embeddable":true,"href":"https:\/\/valgeanso.ee\/en\/wp-json\/wp\/v2\/product_tag?post=3407"}],"curies":[{"name":"wp","href":"https:\/\/api.w.org\/{rel}","templated":true}]}}