{"id":3184,"date":"2020-07-02T11:22:59","date_gmt":"2020-07-02T08:22:59","guid":{"rendered":"https:\/\/valgeanso.ee\/?post_type=product&#038;p=3184"},"modified":"2026-02-05T13:51:35","modified_gmt":"2026-02-05T11:51:35","slug":"mannas-neiusilm-zagreb-coreopsis-verticillata","status":"publish","type":"product","link":"https:\/\/valgeanso.ee\/ru\/toode\/mannas-neiusilm-zagreb-coreopsis-verticillata\/","title":{"rendered":"M\u00e4nnas-neiusilm \u2019Zagreb\u2019  Coreopsis verticillata"},"content":{"rendered":"<p>Tihe kerakujuline puhmas koosneb tihedalt harunenud vartest, millele kinnituvad peenikesed lehed. Juunist hakkavad tekkima ca 3-4 cm l\u00e4bim\u00f5\u00f5duga erksad kollased liht\u00f5ied. \u00d5itsemine kestab mitu kuud, kuna koguaeg tekib juurde uusi pungasid ning alles septembris j\u00e4\u00e4b \u00f5isi v\u00e4hemaks. Saab kasutada l\u00f5ikelillena.<\/p>\n<p>Eelistab p\u00e4ikesepaistelist kuni poolvarjulist kasvukohta. Mulla osas v\u00e4ga leplik, kasvades nii parasniiskel kuni kuival mullal. P\u00f5uaperioodil tasub kuivas mullas kasvavaid taimi kasta, muidu l\u00f5ppeb \u00f5itsemine enneaegselt. Hea talvekindlusega.<\/p>\n<p>Ei vaja erilist hooldamist, kui aga taim hakkab lamanduma, v\u00f5ib ta tagasi l\u00f5igata, taastamaks kompaktset kuju ja ergutamaks \u00f5itsemist. Sobib konteinerites kasvatamiseks, p\u00fcsilillepeenrasse ja isegi kiviktaimlasse.<\/p>","protected":false},"excerpt":{"rendered":"<p>#30 cm, 1 45 cm, \u00bb\u02dc, { VI-VIII, Zones 4-10<\/p>\n","protected":false},"featured_media":3185,"template":"","meta":[],"product_brand":[],"product_cat":[105],"product_tag":[],"class_list":{"0":"post-3184","1":"product","2":"type-product","3":"status-publish","4":"has-post-thumbnail","6":"product_cat-neiusilmad","8":"first","9":"instock","10":"taxable","11":"shipping-taxable","12":"purchasable","13":"product-type-simple"},"_links":{"self":[{"href":"https:\/\/valgeanso.ee\/ru\/wp-json\/wp\/v2\/product\/3184","targetHints":{"allow":["GET"]}}],"collection":[{"href":"https:\/\/valgeanso.ee\/ru\/wp-json\/wp\/v2\/product"}],"about":[{"href":"https:\/\/valgeanso.ee\/ru\/wp-json\/wp\/v2\/types\/product"}],"wp:featuredmedia":[{"embeddable":true,"href":"https:\/\/valgeanso.ee\/ru\/wp-json\/wp\/v2\/media\/3185"}],"wp:attachment":[{"href":"https:\/\/valgeanso.ee\/ru\/wp-json\/wp\/v2\/media?parent=3184"}],"wp:term":[{"taxonomy":"product_brand","embeddable":true,"href":"https:\/\/valgeanso.ee\/ru\/wp-json\/wp\/v2\/product_brand?post=3184"},{"taxonomy":"product_cat","embeddable":true,"href":"https:\/\/valgeanso.ee\/ru\/wp-json\/wp\/v2\/product_cat?post=3184"},{"taxonomy":"product_tag","embeddable":true,"href":"https:\/\/valgeanso.ee\/ru\/wp-json\/wp\/v2\/product_tag?post=3184"}],"curies":[{"name":"wp","href":"https:\/\/api.w.org\/{rel}","templated":true}]}}